{"id":719,"date":"2025-11-03T23:51:13","date_gmt":"2025-11-03T21:51:13","guid":{"rendered":"https:\/\/cuponplus.ro\/bf\/?page_id=719"},"modified":"2025-11-04T01:02:05","modified_gmt":"2025-11-03T23:02:05","slug":"de-black-friday-fii-zenes-si-te-bucuri-de-oferte-cu-un-singur-tap","status":"publish","type":"page","link":"https:\/\/cuponplus.ro\/blackfriday\/de-black-friday-fii-zenes-si-te-bucuri-de-oferte-cu-un-singur-tap\/","title":{"rendered":"De Black Friday, fii Zene\u0219 \u0219i te bucuri de oferte cu un singur tap"},"content":{"rendered":"\n<figure class=\"wp-block-image size-full\"><img loading=\"lazy\" decoding=\"async\" width=\"757\" height=\"290\" src=\"https:\/\/cuponplus.ro\/bf\/wp-content\/uploads\/2025\/11\/Black-Friday-Salt-Bank.png\" alt=\"Black Friday Salt Bank\" class=\"wp-image-724\" srcset=\"https:\/\/cuponplus.ro\/blackfriday\/wp-content\/uploads\/2025\/11\/Black-Friday-Salt-Bank.png 757w, https:\/\/cuponplus.ro\/blackfriday\/wp-content\/uploads\/2025\/11\/Black-Friday-Salt-Bank-300x115.png 300w, https:\/\/cuponplus.ro\/blackfriday\/wp-content\/uploads\/2025\/11\/Black-Friday-Salt-Bank-200x77.png 200w, https:\/\/cuponplus.ro\/blackfriday\/wp-content\/uploads\/2025\/11\/Black-Friday-Salt-Bank-480x184.png 480w\" sizes=\"auto, (max-width: 757px) 100vw, 757px\" \/><\/figure>\n\n\n\n<p>Pentru a beneficia de oferta special\u0103 de Black Friday, trebuie s\u0103 ai un cont activ la Salt Bank. Dac\u0103 \u00eenc\u0103 nu ai un cont deschis \u00een aplica\u021bia Salt, cite\u0219te acest articol: <a href=\"https:\/\/oferta-zilei.ro\/stiri\/fa-ti-cont-si-castiga-cu-salt-bank-5-cashback.html\" target=\"_blank\" rel=\"noreferrer noopener nofollow\">F\u0103-\u021bi cont \u0219i c\u00e2\u0219tig\u0103 cu Salt Bank 5% cashback<\/a><\/p>\n\n\n\n<p>Cum ar fi ca, de Black Friday, s\u0103 nu mai alergi dup\u0103 oferte? S\u0103 fii Zene\u0219 \u0219i s\u0103 la\u0219i ofertele s\u0103 vin\u0103 la tine.<br>Atunci, universul te-ar recompensa cu cele mai blaaan\u0103 premii: o Dacia Duster sau un iPhone 17.<br>Whoaaa! Vezi cum te-ai detensionat dintr-o dat\u0103?<\/p>\n\n\n\n<p><br>P\u00e2n\u0103 pe 30 noiembrie po\u021bi s\u0103 meditezi la o ofert\u0103 care-\u021bi poate aduce acel premiu karmic:<br>Fiecare set de 3 tranzac\u021bii cu cardul Salt, de minimum 100 de lei fiecare, \u00ee\u021bi aduce o \u00eenscriere \u00een tombol\u0103. Mai multe tranzac\u021bii\u2026 ai ghicit, mai mult\u0103 energie pozitiv\u0103, adic\u0103 mai multe \u0219anse pentru a c\u00e2\u0219tiga un premiu. De exemplu, cu 6 tranzac\u021bii de minimum 100 de lei fiecare, vei acumula 2 \u0219anse pentru tombol\u0103. \u0218i tot a\u0219a \u262f\ufe0f<br><\/p>\n\n\n\n<p>Fii Zene\u0219, pentru c\u0103 toat\u0103 luna, ofertele se activeaz\u0103 pe r\u00e2nd, fiecare \u00eentr-o perioad\u0103 dedicat\u0103, iar fiecare \u00ee\u021bi aduce o nou\u0103 \u0219ans\u0103 de \u00eenscriere \u00een tombol\u0103. A\u0219a c\u0103, preg\u0103te\u0219te-te pentru un flow financiar complet, cu:<br>\ud83e\uddf3 Creditul de nevoi personale<br>\ud83d\uddc2\ufe0f Subscription Manager<br>\ud83d\udcd1 Pay Bill<br>\ud83d\udcb9 Investments<br>\ud83e\uddf8 Help Mama<br><\/p>\n\n\n\n<p>Stai un piiiic, credeai c\u0103 am uitat de oamenii care fac business yin &amp; yang? Normal c\u0103 nu! \u0218i ei pot fi la fel de Zene\u0219i de Black Friday, avem o ofert\u0103 \u0219i pentru ei.<br>R\u0103m\u00e2i chill, ai toate detaliile pe site-ul online.<br>\u0218i nu e nevoie s\u0103 te gr\u0103be\u0219ti. Ofertele potrivite vin mereu celor care a\u0219teapt\u0103\u2026 cu aplica\u021bia Salt deschis\u0103.<br><\/p>\n\n\n\n<p>Inspir\u0103. Expir\u0103. \u0218i f\u0103 banking, dar cum vrei tu.<\/p>\n","protected":false},"excerpt":{"rendered":"<p>Pentru a beneficia de oferta special\u0103 de Black Friday, trebuie s\u0103 ai un cont activ la Salt Bank. Dac\u0103 \u00eenc\u0103 nu ai un cont deschis \u00een aplica\u021bia Salt, cite\u0219te acest articol: F\u0103-\u021bi cont \u0219i c\u00e2\u0219tig\u0103 cu Salt Bank 5% cashback Cum ar fi ca, de Black Friday, s\u0103 nu mai alergi dup\u0103 oferte? S\u0103 fii [&hellip;]<\/p>\n","protected":false},"author":1,"featured_media":724,"parent":0,"menu_order":0,"comment_status":"closed","ping_status":"closed","template":"","meta":{"footnotes":""},"class_list":["post-719","page","type-page","status-publish","has-post-thumbnail","hentry"],"_links":{"self":[{"href":"https:\/\/cuponplus.ro\/blackfriday\/wp-json\/wp\/v2\/pages\/719","targetHints":{"allow":["GET"]}}],"collection":[{"href":"https:\/\/cuponplus.ro\/blackfriday\/wp-json\/wp\/v2\/pages"}],"about":[{"href":"https:\/\/cuponplus.ro\/blackfriday\/wp-json\/wp\/v2\/types\/page"}],"author":[{"embeddable":true,"href":"https:\/\/cuponplus.ro\/blackfriday\/wp-json\/wp\/v2\/users\/1"}],"replies":[{"embeddable":true,"href":"https:\/\/cuponplus.ro\/blackfriday\/wp-json\/wp\/v2\/comments?post=719"}],"version-history":[{"count":4,"href":"https:\/\/cuponplus.ro\/blackfriday\/wp-json\/wp\/v2\/pages\/719\/revisions"}],"predecessor-version":[{"id":730,"href":"https:\/\/cuponplus.ro\/blackfriday\/wp-json\/wp\/v2\/pages\/719\/revisions\/730"}],"wp:featuredmedia":[{"embeddable":true,"href":"https:\/\/cuponplus.ro\/blackfriday\/wp-json\/wp\/v2\/media\/724"}],"wp:attachment":[{"href":"https:\/\/cuponplus.ro\/blackfriday\/wp-json\/wp\/v2\/media?parent=719"}],"curies":[{"name":"wp","href":"https:\/\/api.w.org\/{rel}","templated":true}]}}